{"id":3,"date":"2020-09-23T10:39:12","date_gmt":"2020-09-23T09:39:12","guid":{"rendered":"https:\/\/intranet.crenco.org.eu.eu\/?page_id=3"},"modified":"2021-01-25T16:12:33","modified_gmt":"2021-01-25T15:12:33","slug":"politica-de-privacitat","status":"publish","type":"page","link":"https:\/\/intranet.crenco.org\/es\/politica-de-privacitat\/","title":{"rendered":"Politica de privacidad"},"content":{"rendered":"<p>Este portal, es titular de la&nbsp;<strong>Fundaci\u00f3 Sant Joan de D\u00e9u<\/strong>&nbsp;con NIF G-62978689, domicilio en la calle Santa Rosa, 30-57, 3a. planta Edifici Docent, 08950 d'Esplugues de Llobregat, y tel\u00e9fono 936 00 97 51.<\/p>\n\n\n\n<p><strong>La Fundaci\u00f3 Sant Joan de D\u00e9u<\/strong>&nbsp;es consciente de la importancia de la normativa en vigor en materia de privacidad y protecci\u00f3n de datos. En este sentido, nos preocupamos por la protecci\u00f3n de la seguridad, integridad, veracidad y confidencialidad de los datos proporcionados por nuestros usuarios, clientes o proveedores, actuando de manera responsable y transparente al respecto.<\/p>\n\n\n\n<p>La presente Pol\u00edtica de Privacidad (en adelante, \"La Pol\u00edtica\") tiene por objeto informarte sobre c\u00f3mo recogemos, tratamos y protegemos los datos de car\u00e1cter personal que facilites. Asimismo, describimos las finalidades del tratamiento de los datos personales recabados a trav\u00e9s del sitio web&nbsp;<a href=\"https:\/\/www.crenco\">https:\/\/www.crenco<\/a>&nbsp;(en adelante, \"el Sitio Web\"), o por v\u00eda telef\u00f3nica, correo electr\u00f3nico o correo postal. En su caso, se detallar\u00e1 si los datos pueden ser utilizados por terceros.<\/p>\n\n\n\n<p>En este documento intentamos proporcionarte una descripci\u00f3n lo m\u00e1s sencilla y clara posible de la presente Pol\u00edtica. Te recomendamos que leas nuestra Pol\u00edtica y te pongas en contacto con nosotros si tuvieras cualquier duda.<\/p>\n\n\n\n<p>Nuestra Pol\u00edtica no regula las actividades de tratamiento de datos de otras empresas y organizaciones que anuncien nuestros servicios y\/o productos.<\/p>\n\n\n\n<h3 class=\"wp-block-heading\"><strong>Alcance de la Pol\u00edtica de Privacidad<\/strong><\/h3>\n\n\n\n<p>Esta Pol\u00edtica de Privacidad aplica a los datos proporcionados por nuestros usuarios, proveedores, personas solicitantes de informaci\u00f3n, usuarios del Sitio Web&nbsp;<a href=\"https:\/\/www.crenco\">https:\/\/www.crenco<\/a>, candidatos a puestos de trabajo o terceros con los que nos podamos relacionar y cuyos datos sean necesarios para el desarrollo de nuestra actividad.<\/p>\n\n\n\n<h3 class=\"wp-block-heading\"><strong>\u00bfQui\u00e9n es el Responsable del tratamiento de tus datos personales?<\/strong><\/h3>\n\n\n\n<p>El Responsable del tratamiento de tus datos es<\/p>\n\n\n\n<p>Fundaci\u00f3 de Recerca Sant Joan de D\u00e9u<br>N.I.F: G-62978689<br>Direcci\u00f3n: calle Santa Rosa, 30-57, 3a. planta Edifici Docent, 08950 d'Esplugues de Llobregat, Barcelona<br>Tel\u00e9fono: +34 936 00 97 51.<br>Correo electr\u00f3nico:&nbsp;<a href=\"mailto:dpd@crenco.org\">dpd@crenco.org<\/a><\/p>\n\n\n\n<h3 class=\"wp-block-heading\"><strong>\u00bfC\u00f3mo te puedes poner en contacto con el Delegado de Protecci\u00f3n de Datos de la Fundaci\u00f3n de Recerca Sant Joan de D\u00e9u<\/strong><\/h3>\n\n\n\n<p>Puedes contactar con el Delegado de Protecci\u00f3n de Datos del Institut de Recerca Sant Joan de D\u00e9u en la siguiente direcci\u00f3n de correo electr\u00f3nico:&nbsp;&nbsp;<\/p>\n\n\n\n<p><a href=\"mailto:dpd@crenco.org\">dpd@crenco.org<\/a><\/p>\n\n\n\n<h3 class=\"wp-block-heading\">\u00bfQu\u00e9 informaci\u00f3n recopilamos?<\/h3>\n\n\n\n<p>La Fundaci\u00f3n San Juan de Dios s\u00f3lo trata aquellos datos personales que resulten adecuados, pertinentes y limitados al correcto cumplimiento de la finalidad en virtud de la que fueron inicialmente recabados.<\/p>\n\n\n\n<p>A modo de ejemplo, en caso de que solicitaras informaci\u00f3n, recopilaremos tus datos de contacto; entre otros, el nombre y apellidos, tel\u00e9fono o correo electr\u00f3nico. Asimismo, tu direcci\u00f3n IP, es decir, el n\u00famero asignado autom\u00e1ticamente al dispositivo electr\u00f3nico desde el que accedas al Sitio Web, y tu nombre de dominio ser\u00e1n tratados con fines estad\u00edsticos. Igualmente, podr\u00e1s remitirnos tu curr\u00edculum para postular a procesos de selecci\u00f3n internos.<\/p>\n\n\n\n<p>No obstante lo anterior, un determinado servicio podr\u00e1 requerir otros datos personales u otras categor\u00edas de datos personales, que t\u00fa mismo incorporar\u00e1s al formulario correspondiente.<\/p>\n\n\n\n<h3 class=\"wp-block-heading\">\u00bfCon qu\u00e9 finalidad tratamos tus datos?<\/h3>\n\n\n\n<p>Los datos que nos facilitas son tratados con las siguientes finalidades:<\/p>\n\n\n\n<ul class=\"wp-block-list\"><li>Atender tus solicitudes de informaci\u00f3n.<\/li><li>Enviar nuestro bolet\u00edn electr\u00f3nico de noticias (newsletter) u otra informaci\u00f3n de tu inter\u00e9s, siempre que hubieses consentido a ello.<\/li><li>Conocer tus preferencias de navegaci\u00f3n en nuestro Sitio Web para poder personalizar y mejorar nuestros servicios y mantener la seguridad del sitio. As\u00ed, el Institut de Recerca Sant Joan de D\u00e9u obtendr\u00e1 estad\u00edsticas que mediante la monitorizaci\u00f3n de tu n\u00famero IP arrojar\u00e1n el n\u00famero de impresiones de p\u00e1ginas, el n\u00famero de visitas realizadas a los servicios web, el orden de visitas o el punto de acceso, entre otras magnitudes.<\/li><\/ul>\n\n\n\n<h3 class=\"wp-block-heading\"><strong>\u00bfPor cu\u00e1nto tiempo conservamos tus datos?<\/strong><\/h3>\n\n\n\n<p>Si mantienes una relaci\u00f3n profesional o comercial con Fundaci\u00f3n San Juan de Dios los datos que hayas facilitado con este prop\u00f3sito se conservar\u00e1n en tanto se prolonguen dichas relaciones con nosotros y durante los a\u00f1os necesarios para cumplir con las obligaciones legales.<\/p>\n\n\n\n<h3 class=\"wp-block-heading\"><strong>\u00bfCu\u00e1ndo estaremos legitimados para el tratamiento de tus datos?<\/strong><\/h3>\n\n\n\n<p>Estamos legitimados y facultados para tratar la informaci\u00f3n que nos proporciones (i) cuando dicha informaci\u00f3n sea necesaria para el env\u00edo de la informaci\u00f3n solicitada; (ii) para la gesti\u00f3n del Sitio Web (y sus servicios asociados); y (iii) para el cumplimiento de obligaciones legales imperativas que deriven del Derecho de la Uni\u00f3n Europea o de los Estados miembros.<\/p>\n\n\n\n<p>La Fundaci\u00f3n San Juan de Dios adoptar\u00e1 las acciones necesarias para garantizar que los datos personales que recabe, almacene y trate se empleen de manera l\u00edcita, leal y transparente, cumpliendo con las obligaciones que resulten del ordenamiento jur\u00eddico aplicable con motivo de su actividad. En particular, la Fundaci\u00f3n San Juan de Dios D\u00e9u ha establecido todos los medios t\u00e9cnicos a su alcance para evitar la p\u00e9rdida, mal uso, alteraci\u00f3n, acceso no autorizado y robo de los datos que hubieses facilitado a trav\u00e9s del Sitio Web.<\/p>\n\n\n\n<p>Asimismo, mientras seas usuario, tambi\u00e9n estaremos legitimados para utilizar tus datos con el fin de informarte de las ofertas, promociones, productos, servicios, circulares o campa\u00f1as que consideremos que puedan ser de tu inter\u00e9s teniendo en cuenta los servicios y tratamientos contratados con anterioridad. En todo caso, podr\u00e1s oponerte a dicho tratamiento en cualquier momento.<\/p>\n\n\n\n<p>Fuera de los casos anteriores, antes de tratar tus datos siempre recabaremos tu consentimiento. El consentimiento ser\u00e1 la manifestaci\u00f3n de voluntad libre, espec\u00edfica, informada e inequ\u00edvoca. Tienes derecho a revocar el consentimiento prestado sin car\u00e1cter retroactivo para cualquier finalidad y en cualquier momento.<\/p>\n\n\n\n<h3 class=\"wp-block-heading\"><strong>\u00bfA qui\u00e9n comunicamos tus datos?<\/strong><\/h3>\n\n\n\n<p>Tus datos ser\u00e1n comunicados, si es necesario, a los estamentos oficiales p\u00fablicos y entidades privadas que, por obligaci\u00f3n legal o necesidad operativa, deban acceder a los datos.<\/p>\n\n\n\n<p>Fuera de los casos anteriores, antes de ceder tus datos personales a otra entidad privada te informar\u00edamos previamente y solicitar\u00edamos tu consentimiento.<\/p>\n\n\n\n<h3 class=\"wp-block-heading\"><strong>\u00bfQu\u00e9 derechos te amparan en relaci\u00f3n al tratamiento de tus datos?<\/strong><\/h3>\n\n\n\n<p>Tienes derecho a obtener informaci\u00f3n sobre el tratamiento de tus datos que realizamos en la Fundaci\u00f3n San Juan de Dios. En concreto:<\/p>\n\n\n\n<ul class=\"wp-block-list\"><li>Tienes derecho a acceder a tus datos personales para conocer cu\u00e1les estamos tratando, as\u00ed como a solicitar la rectificaci\u00f3n de los datos inexactos o, en su caso, solicitar su supresi\u00f3n cuando -entre otros motivos- los datos ya no sean necesarios para los fines que fueron recogidos.<\/li><li>En determinadas circunstancias, podr\u00e1s solicitar la limitaci\u00f3n del tratamiento de tus datos, en cuyo caso \u00fanicamente los conservaremos para el ejercicio o la defensa de reclamaciones.<\/li><li>En determinadas circunstancias y por motivos relacionados con tu situaci\u00f3n particular, podr\u00e1s oponerte al tratamiento de tus datos. La Fundaci\u00f3n San Juan de Dios dejar\u00e1 de tratar tus datos, salvo que concurran motivos leg\u00edtimos imperiosos o en virtud del ejercicio de acciones de defensa jur\u00eddica.<\/li><li>Tendr\u00e1s derecho a la portabilidad, es decir, a que los datos personales que hubieras facilitado, se transmitan directamente a otro responsable en formato estructurado, de uso com\u00fan y lectura mec\u00e1nica, cuando t\u00e9cnicamente fuera posible.<\/li><li>Derecho a no ser objeto de una decisi\u00f3n basada \u00fanicamente en el tratamiento automatizado de tus datos personales.<\/li><\/ul>\n\n\n\n<p>Puedes ejercer los referidos derechos dirigiendo un correo electr\u00f3nico a la direcci\u00f3n electr\u00f3nica\u00a0<a href=\"mailto:dpd@crenco.org\">dpd@crenco.org<\/a><\/p>\n\n\n\n<p>Responderemos a tus peticiones a la mayor brevedad posible y, en todo caso, en el plazo de un (1) mes desde la recepci\u00f3n de tu solicitud. En determinadas circunstancias, dicho plazo podr\u00e1 prorrogarse otros dos (2) meses, en cuyo caso te informaremos oportunamente dentro del plazo de un (1) mes desde la recepci\u00f3n de tu solicitud.<\/p>\n\n\n\n<p>Si consideres que el tractament de les teves dades personals infringeix la normativa sobre protecci\u00f3 de dades, o b\u00e9 si creus que no hem satisfet l&#8217;exercici dels teus drets, pots presentar una reclamaci\u00f3 davant l&#8217;autoritat de control competent segons el teu lloc de resid\u00e8ncia. En aquest sentit, pots consultar les diferents autoritats de control en el Lloc Web de l&#8217;Ag\u00e8ncia Espanyola de Protecci\u00f3 de Dades (<a href=\"https:\/\/www.aepd.es\/es\">www.agpd.es<\/a>).En tot cas, abans d&#8217;iniciar qualsevol reclamaci\u00f3 et preguem et posis en contacte amb nosaltres mitjan\u00e7ant correu electr\u00f2nic (<a href=\"mailto:dpd@crenco.org\">dpd@crenco.org<\/a>) o Personant al Departament de Gesti\u00f3 de CRENCO a la Fundaci\u00f3 de Recerca Sant Joan de D\u00e9u, carrer Sant Rosa , 39-57, 3a. planta Edifici Docent, 08950 d&#8217;Esplugues de Llobregat, Barcelona, \u200b\u200bamb la finalitat d&#8217;intentar solucionar la discrep\u00e0ncia de forma amistosa.<\/p>\n\n\n\n<h3 class=\"wp-block-heading\"><strong>\u00bfTienes derecho a retirar tu consentimiento?<\/strong><\/h3>\n\n\n\n<p>S\u00ed, en cualquier momento podr\u00e1s retirar tu consentimiento para el tratamiento de tus datos para una o varias de las finalidades arriba indicadas y para las que hayas prestado tu consentimiento. Puedes ejercer este derecho contactando con el Departamento de Gesti\u00f3n de Conocimiento y Comunicaci\u00f3n:<\/p>\n\n\n\n<p><strong>Fundaci\u00f3 de Recerca Sant Joan de D\u00e9u<\/strong><br>Direcci\u00f3n: calle Santa Rosa, 30-57, 3a. planta Edifici Docent, 08950 d'Esplugues de Llobregat, Barcelona<br>Tel\u00e9fono: +34 936 00 97 51.<br>Correo electr\u00f3nico: <a href=\"mailto:dpd@crenco.org\">dpd@crenco.org<\/a><\/p>\n\n\n\n<h3 class=\"wp-block-heading\"><strong>\u00bfCabe la opci\u00f3n a modificar la presente Pol\u00edtica de Privacidad?<\/strong>?<\/h3>\n\n\n\n<p>La Fundaci\u00f3n San Juan de Dios se reserva el derecho a modificar la presente Pol\u00edtica para adaptarla a novedades legislativas o jurisprudenciales y para responder a cambios organizacionales y del sector sanitario. No limitaremos los derechos que te corresponden con arreglo a la presente Pol\u00edtica de Privacidad ni realizaremos modificaciones sustanciales en ella sin informarte previamente. Publicaremos todas las modificaciones de la presente Pol\u00edtica de Privacidad en esta p\u00e1gina y, si son significativas, efectuaremos una notificaci\u00f3n m\u00e1s destacada (por ejemplo, te enviar\u00edamos una notificaci\u00f3n por correo electr\u00f3nico si la modificaci\u00f3n afectase a determinados aspectos y -en casos excepcionales- incluso te solicitar\u00edamos nuevamente tu consentimiento).<\/p>\n\n\n\n<p><strong><strong>\u00daltima actualizaci\u00f3n: Abril 2020<\/strong><\/strong><\/p>","protected":false},"excerpt":{"rendered":"<p>Aquest portal, \u00e9s titular de la&nbsp;Fundaci\u00f3 Sant Joan de D\u00e9u&nbsp;amb NIF G-62978689, domicili al carrer Santa Rosa, 30-57, 3a. planta Edifici Docent, 08950 d&#8217;Esplugues de&hellip;<\/p>","protected":false},"author":1,"featured_media":0,"parent":0,"menu_order":0,"comment_status":"closed","ping_status":"closed","template":"page-fullwidth.php","meta":{"_acf_changed":false,"footnotes":""},"class_list":["post-3","page","type-page","status-publish","hentry"],"acf":[],"_links":{"self":[{"href":"https:\/\/intranet.crenco.org\/es\/wp-json\/wp\/v2\/pages\/3","targetHints":{"allow":["GET"]}}],"collection":[{"href":"https:\/\/intranet.crenco.org\/es\/wp-json\/wp\/v2\/pages"}],"about":[{"href":"https:\/\/intranet.crenco.org\/es\/wp-json\/wp\/v2\/types\/page"}],"author":[{"embeddable":true,"href":"https:\/\/intranet.crenco.org\/es\/wp-json\/wp\/v2\/users\/1"}],"replies":[{"embeddable":true,"href":"https:\/\/intranet.crenco.org\/es\/wp-json\/wp\/v2\/comments?post=3"}],"version-history":[{"count":8,"href":"https:\/\/intranet.crenco.org\/es\/wp-json\/wp\/v2\/pages\/3\/revisions"}],"predecessor-version":[{"id":687,"href":"https:\/\/intranet.crenco.org\/es\/wp-json\/wp\/v2\/pages\/3\/revisions\/687"}],"wp:attachment":[{"href":"https:\/\/intranet.crenco.org\/es\/wp-json\/wp\/v2\/media?parent=3"}],"curies":[{"name":"wp","href":"https:\/\/api.w.org\/{rel}","templated":true}]}}