{"id":148,"date":"2020-11-27T13:18:41","date_gmt":"2020-11-27T12:18:41","guid":{"rendered":"https:\/\/intranet.crenco.org\/?page_id=148"},"modified":"2021-01-25T14:23:35","modified_gmt":"2021-01-25T13:23:35","slug":"politica-de-cookies","status":"publish","type":"page","link":"https:\/\/intranet.crenco.org\/es\/politica-de-cookies\/","title":{"rendered":"Politica de Cookies"},"content":{"rendered":"<p>Una cookie \u00e9s un petit fitxer que s&#8217;emmagatzema a l\u2019ordinador o dispositiu de l&#8217;usuari quan visita determinats llocs web. La seva funci\u00f3 \u00e9s permetre que aquests llocs recordin determinades accions que heu realitzat en el passat per a oferir-vos una millor experi\u00e8ncia de navegaci\u00f3.<\/p>\n\n\n\n<p>Les cookies s\u00f3n essencials per al funcionament d&#8217;internet i en cap cas poden danyar l&#8217;equip. A canvi, el fet que estiguin activades ens ajuda a identificar i resoldre possibles errors.<\/p>\n\n\n\n<h3 class=\"wp-block-heading\"><strong>Cookies que utilitzem a la nostra p\u00e0gina web<\/strong><\/h3>\n\n\n\n<p>La taula seg\u00fcent mostra les cookies que utilitzem a la nostra p\u00e0gina web:<\/p>\n\n\n\n<figure class=\"wp-block-table is-style-stripes\"><table><tbody><tr><td><strong>Nombre<\/strong><\/td><td><strong>Tipus<\/strong><\/td><td><strong>Finalitat<\/strong><\/td><\/tr><tr><td>PHPSESSID<\/td><td>Sessi\u00f3<\/td><td>Aquesta cookie s&#8217;utilitza per guardar les dades de la sessi\u00f3 de l&#8217;usuari. \u00c9s essencial pel funcionament del web.<\/td><\/tr><tr><td>lang<\/td><td>Personalizaci\u00f3<\/td><td>Cookie utilitzada per mantenir i recordar l&#8217;idioma actual en qu\u00e8 navega l&#8217;usuari.<\/td><\/tr><tr><td>cookies, cookiesNav<\/td><td>Personalizaci\u00f3<\/td><td>Cookie que identifica si l&#8217;usuari ha acceptat l&#8217;\u00fas de cookies.<\/td><\/tr><tr><td>_ga, _gat,<br>_gid<\/td><td>Anal\u00edtiques<\/td><td>Aquestes&nbsp;cookies s\u00f3n establertes per Google Analytics per rastrejar l&#8217;\u00fas de la web. Aquestes&nbsp;cookies no s&#8217;estableixen si deshabiliteu les cookies per aquesta web.<\/td><\/tr><\/tbody><\/table><\/figure>\n\n\n\n<p>Per entendre millor els diferents tipus de cookies, us facilitem una definici\u00f3 dels diversos tipus de cookies que existeixen:<\/p>\n\n\n\n<ul class=\"wp-block-list\"><li><strong>Cookies de sessi\u00f3:<\/strong>&nbsp;s\u00f3n aquelles que existeixen nom\u00e9s mentre l&#8217;usuari navega pel web i que desapareixen quan l&#8217;usuari abandona la p\u00e0gina web. Serveixen per mantenir informaci\u00f3 b\u00e0sica sobre la navegaci\u00f3 i aix\u00ed poder oferir una millor experi\u00e8ncia a l&#8217;usuari.<\/li><li><strong>Cookies de personalitzaci\u00f3:<\/strong>&nbsp;es mantenen entre visites al mateix web i serveixen per guardar les personalitzacions de l&#8217;usuari, com ara l&#8217;idioma en qu\u00e8 ha navegat.<\/li><li><strong>Cookies anal\u00edtiques:<\/strong>&nbsp;s&#8217;emmagatzemen per poder elaborar estad\u00edstiques sobre el tr\u00e0fic&nbsp;i&nbsp;volum de visites d&#8217;aquest web.<\/li><li><strong>Cookies&nbsp;publicit\u00e0ries:<\/strong>&nbsp;mostren publicitat en funci\u00f3 de la vostra navegaci\u00f3, el vostre&nbsp;pa\u00eds de proced\u00e8ncia, idioma i altres factors.<\/li><li><strong>Xarxes&nbsp;socials:<\/strong>&nbsp;de vegades en alguns apartats de la p\u00e0gina web es pot compartir el contingut a les xarxes&nbsp;socials i aquestes poden utilitzar&nbsp;les seves pr\u00f2pies cookies.<\/li><\/ul>\n\n\n\n<h3 class=\"wp-block-heading\"><strong>Com controlar i eliminar les cookies<\/strong><\/h3>\n\n\n\n<p>En qualsevol&nbsp;moment podeu exercir el vostre dret de&nbsp;desactivaci\u00f3 o eliminaci\u00f3 de cookies d&#8217;aquest lloc web. Aquestes&nbsp;accions es&nbsp;realitzen de forma diferent en funci\u00f3 del navegador que utilitzeu. Bloquejar l&#8217;\u00fas de les cookies en la vostra navegaci\u00f3 pot fer que alguns serveis o caracter\u00edstiques del lloc web no estiguin disponibles.<\/p>\n\n\n\n<p>En aquests vincles podeu trobar informaci\u00f3 de com fer-ho per als navegadors seg\u00fcents:<\/p>\n\n\n\n<ul class=\"wp-block-list\"><li><a href=\"https:\/\/support.microsoft.com\/es-es\/help\/17442\/windows-internet-explorer-delete-manage-cookies\" target=\"_blank\" rel=\"noreferrer noopener\">Internet Explorer<\/a><\/li><li><a href=\"https:\/\/support.apple.com\/es-es\/guide\/safari\/sfri11471\/mac\" target=\"_blank\" rel=\"noreferrer noopener\">Safari<\/a><\/li><li><a href=\"https:\/\/help.opera.com\/en\/latest\/web-preferences\/\" target=\"_blank\" rel=\"noreferrer noopener\">Opera<\/a><\/li><li><a href=\"http:\/\/support.mozilla.org\/es\/kb\/habilitar-y-deshabilitar-cookies-que-los-sitios-we\" target=\"_blank\" rel=\"noreferrer noopener\">Firefox<\/a><\/li><li><a href=\"http:\/\/support.google.com\/chrome\/bin\/answer.py?hl=es&amp;answer=95647\" target=\"_blank\" rel=\"noreferrer noopener\">GoogleChrome<\/a><\/li><\/ul>\n\n\n\n<h3 class=\"wp-block-heading\"><strong>Notes addicionals<\/strong><\/h3>\n\n\n\n<p>Ni aquesta&nbsp;web ni els seus representants&nbsp;legals es fan&nbsp;responsables ni del contingut ni de la veracitat&nbsp;de les pol\u00edtiques de privacitat que puguin tenir els tercers mencionats en aquesta pol\u00edtica de cookies.<\/p>\n\n\n\n<p>Els navegadors web s\u00f3n les eines encarregades d&#8217;emmagatzemar les&nbsp;cookies&nbsp;i des d&#8217;aquest lloc d&#8217;efectuar el seu dret a eliminaci\u00f3 o desactivaci\u00f3 de&nbsp;les mateixes. Ni aquest web ni els seus representants legals poden garantir la&nbsp;correcta o incorrecta manipulaci\u00f3 de les cookies&nbsp;per part dels&nbsp;esmentats navegadors. En alguns casos es necessari instal\u00b7lar cookies perqu\u00e8 el navegador no oblidi la vostra decisi\u00f3 de no acceptaci\u00f3 de les mateixes.En el cas de les cookies de Google Analytics, aquesta&nbsp;empresa&nbsp;emmagatzema les&nbsp;cookies&nbsp;en els servidors en Estats Units i es compromet a no&nbsp;compartir-la amb tercers, excepte en els casos en qu\u00e8 sigui necessari per&nbsp;el funcionament del sistema o quan la llei obligui a aquest efecte.&nbsp;Google Inc.&nbsp;\u00e9s una companyia adherida a l&#8217;Escut de privacitat (<a href=\"https:\/\/www.privacyshield.gov\/welcome\">Privacy Shield<\/a>) que garanteix que totes les dades transferides seran&nbsp;tractades amb un nivell de protecci\u00f3 d&#8217;acord amb la normativa europea. A l&#8217;utilitzar&nbsp;aquest lloc&nbsp;web esteu&nbsp;consentint el tractament d&#8217;informaci\u00f3 a&nbsp;Google. En conseq\u00fc\u00e8ncia, l&#8217;exercici de qualsevol dret&nbsp;en aquest&nbsp;sentit&nbsp;s&#8217;haur\u00e0 comunicar directament&nbsp;a Google. Si desitgeu podeu consultar m\u00e9s informaci\u00f3 sobre l&#8217;<a href=\"https:\/\/developers.google.com\/analytics\/devguides\/collection\/analyticsjs\/cookie-usage\">\u00fas que Google fa de&nbsp;les cookies<\/a>.<\/p>","protected":false},"excerpt":{"rendered":"<p>Una cookie \u00e9s un petit fitxer que s&#8217;emmagatzema a l\u2019ordinador o dispositiu de l&#8217;usuari quan visita determinats llocs web. La seva funci\u00f3 \u00e9s permetre que&hellip;<\/p>","protected":false},"author":1,"featured_media":0,"parent":0,"menu_order":0,"comment_status":"closed","ping_status":"closed","template":"page-fullwidth.php","meta":{"_acf_changed":false,"footnotes":""},"class_list":["post-148","page","type-page","status-publish","hentry"],"acf":[],"_links":{"self":[{"href":"https:\/\/intranet.crenco.org\/es\/wp-json\/wp\/v2\/pages\/148","targetHints":{"allow":["GET"]}}],"collection":[{"href":"https:\/\/intranet.crenco.org\/es\/wp-json\/wp\/v2\/pages"}],"about":[{"href":"https:\/\/intranet.crenco.org\/es\/wp-json\/wp\/v2\/types\/page"}],"author":[{"embeddable":true,"href":"https:\/\/intranet.crenco.org\/es\/wp-json\/wp\/v2\/users\/1"}],"replies":[{"embeddable":true,"href":"https:\/\/intranet.crenco.org\/es\/wp-json\/wp\/v2\/comments?post=148"}],"version-history":[{"count":5,"href":"https:\/\/intranet.crenco.org\/es\/wp-json\/wp\/v2\/pages\/148\/revisions"}],"predecessor-version":[{"id":300,"href":"https:\/\/intranet.crenco.org\/es\/wp-json\/wp\/v2\/pages\/148\/revisions\/300"}],"wp:attachment":[{"href":"https:\/\/intranet.crenco.org\/es\/wp-json\/wp\/v2\/media?parent=148"}],"curies":[{"name":"wp","href":"https:\/\/api.w.org\/{rel}","templated":true}]}}